{"id":89,"date":"2025-11-03T22:38:30","date_gmt":"2025-11-03T22:38:30","guid":{"rendered":"https:\/\/camillelemerrer.fr\/?page_id=89"},"modified":"2025-11-03T23:41:19","modified_gmt":"2025-11-03T23:41:19","slug":"contact","status":"publish","type":"page","link":"https:\/\/camillelemerrer.fr\/?page_id=89","title":{"rendered":"Contact"},"content":{"rendered":"\n<figure class=\"wp-block-image alignright size-large is-resized\"><img loading=\"lazy\" decoding=\"async\" width=\"1024\" height=\"768\" src=\"https:\/\/camillelemerrer.fr\/wp-content\/uploads\/2025\/11\/54878808629_39672d88cb_k-1024x768.jpg\" alt=\"\" class=\"wp-image-87\" style=\"aspect-ratio:1;object-fit:cover;width:512px;height:auto\" srcset=\"https:\/\/camillelemerrer.fr\/wp-content\/uploads\/2025\/11\/54878808629_39672d88cb_k-1024x768.jpg 1024w, https:\/\/camillelemerrer.fr\/wp-content\/uploads\/2025\/11\/54878808629_39672d88cb_k-300x225.jpg 300w, https:\/\/camillelemerrer.fr\/wp-content\/uploads\/2025\/11\/54878808629_39672d88cb_k-768x576.jpg 768w, https:\/\/camillelemerrer.fr\/wp-content\/uploads\/2025\/11\/54878808629_39672d88cb_k-1536x1152.jpg 1536w, https:\/\/camillelemerrer.fr\/wp-content\/uploads\/2025\/11\/54878808629_39672d88cb_k.jpg 2048w\" sizes=\"auto, (max-width: 1024px) 100vw, 1024px\" \/><\/figure>\n\n\n\n<hr class=\"wp-block-separator has-alpha-channel-opacity\" style=\"margin-top:var(--wp--preset--spacing--60);margin-bottom:var(--wp--preset--spacing--60)\"\/>\n\n\n\n<p class=\"has-text-align-center has-medium-font-size\"><strong>Camille LE MERRER &#8211; LE BOT<\/strong><\/p>\n\n\n\n<p class=\"has-text-align-center\">\u00c9crivez-moi : <strong>camille.lemerrer[a]wanadoo.fr<\/strong><\/p>\n\n\n\n<p class=\"has-text-align-center\">Bas\u00e9 \u00e0 Crest (26400)<\/p>\n\n\n\n<ul class=\"wp-block-social-links has-normal-icon-size is-style-default is-content-justification-center is-layout-flex wp-container-core-social-links-is-layout-a89b3969 wp-block-social-links-is-layout-flex\"><li class=\"wp-social-link wp-social-link-linkedin  wp-block-social-link\"><a href=\"https:\/\/fr.linkedin.com\/in\/camille-le-merrer-le-bot-526111a9\" class=\"wp-block-social-link-anchor\"><svg width=\"24\" height=\"24\" viewBox=\"0 0 24 24\" version=\"1.1\" xmlns=\"http:\/\/www.w3.org\/2000\/svg\" aria-hidden=\"true\" focusable=\"false\"><path d=\"M19.7,3H4.3C3.582,3,3,3.582,3,4.3v15.4C3,20.418,3.582,21,4.3,21h15.4c0.718,0,1.3-0.582,1.3-1.3V4.3 C21,3.582,20.418,3,19.7,3z M8.339,18.338H5.667v-8.59h2.672V18.338z M7.004,8.574c-0.857,0-1.549-0.694-1.549-1.548 c0-0.855,0.691-1.548,1.549-1.548c0.854,0,1.547,0.694,1.547,1.548C8.551,7.881,7.858,8.574,7.004,8.574z M18.339,18.338h-2.669 v-4.177c0-0.996-0.017-2.278-1.387-2.278c-1.389,0-1.601,1.086-1.601,2.206v4.249h-2.667v-8.59h2.559v1.174h0.037 c0.356-0.675,1.227-1.387,2.526-1.387c2.703,0,3.203,1.779,3.203,4.092V18.338z\"><\/path><\/svg><span class=\"wp-block-social-link-label screen-reader-text\">LinkedIn<\/span><\/a><\/li>\n\n<li class=\"wp-social-link wp-social-link-flickr  wp-block-social-link\"><a href=\"https:\/\/www.flickr.com\/people\/186636274@N06\/\" class=\"wp-block-social-link-anchor\"><svg width=\"24\" height=\"24\" viewBox=\"0 0 24 24\" version=\"1.1\" xmlns=\"http:\/\/www.w3.org\/2000\/svg\" aria-hidden=\"true\" focusable=\"false\"><path d=\"M6.5,7c-2.75,0-5,2.25-5,5s2.25,5,5,5s5-2.25,5-5S9.25,7,6.5,7z M17.5,7c-2.75,0-5,2.25-5,5s2.25,5,5,5s5-2.25,5-5 S20.25,7,17.5,7z\"><\/path><\/svg><span class=\"wp-block-social-link-label screen-reader-text\">Flickr<\/span><\/a><\/li><\/ul>\n","protected":false},"excerpt":{"rendered":"<p>Camille LE MERRER &#8211; LE BOT \u00c9crivez-moi : camille.lemerrer[a]wanadoo.fr Bas\u00e9 \u00e0 Crest (26400)<\/p>\n","protected":false},"author":1,"featured_media":0,"parent":0,"menu_order":0,"comment_status":"closed","ping_status":"closed","template":"","meta":{"site-sidebar-layout":"default","site-content-layout":"","ast-site-content-layout":"default","site-content-style":"default","site-sidebar-style":"default","ast-global-header-display":"","ast-banner-title-visibility":"","ast-main-header-display":"","ast-hfb-above-header-display":"","ast-hfb-below-header-display":"","ast-hfb-mobile-header-display":"","site-post-title":"","ast-breadcrumbs-content":"","ast-featured-img":"","footer-sml-layout":"","theme-transparent-header-meta":"","adv-header-id-meta":"","stick-header-meta":"","header-above-stick-meta":"","header-main-stick-meta":"","header-below-stick-meta":"","astra-migrate-meta-layouts":"default","ast-page-background-enabled":"default","ast-page-background-meta":{"desktop":{"background-color":"var(--ast-global-color-5)","background-image":"","background-repeat":"repeat","background-position":"center center","background-size":"auto","background-attachment":"scroll","background-type":"","background-media":"","overlay-type":"","overlay-color":"","overlay-opacity":"","overlay-gradient":""},"tablet":{"background-color":"","background-image":"","background-repeat":"repeat","background-position":"center center","background-size":"auto","background-attachment":"scroll","background-type":"","background-media":"","overlay-type":"","overlay-color":"","overlay-opacity":"","overlay-gradient":""},"mobile":{"background-color":"","background-image":"","background-repeat":"repeat","background-position":"center center","background-size":"auto","background-attachment":"scroll","background-type":"","background-media":"","overlay-type":"","overlay-color":"","overlay-opacity":"","overlay-gradient":""}},"ast-content-background-meta":{"desktop":{"background-color":"var(--ast-global-color-4)","background-image":"","background-repeat":"repeat","background-position":"center center","background-size":"auto","background-attachment":"scroll","background-type":"","background-media":"","overlay-type":"","overlay-color":"","overlay-opacity":"","overlay-gradient":""},"tablet":{"background-color":"var(--ast-global-color-4)","background-image":"","background-repeat":"repeat","background-position":"center center","background-size":"auto","background-attachment":"scroll","background-type":"","background-media":"","overlay-type":"","overlay-color":"","overlay-opacity":"","overlay-gradient":""},"mobile":{"background-color":"var(--ast-global-color-4)","background-image":"","background-repeat":"repeat","background-position":"center center","background-size":"auto","background-attachment":"scroll","background-type":"","background-media":"","overlay-type":"","overlay-color":"","overlay-opacity":"","overlay-gradient":""}},"footnotes":""},"class_list":["post-89","page","type-page","status-publish","hentry"],"_links":{"self":[{"href":"https:\/\/camillelemerrer.fr\/index.php?rest_route=\/wp\/v2\/pages\/89","targetHints":{"allow":["GET"]}}],"collection":[{"href":"https:\/\/camillelemerrer.fr\/index.php?rest_route=\/wp\/v2\/pages"}],"about":[{"href":"https:\/\/camillelemerrer.fr\/index.php?rest_route=\/wp\/v2\/types\/page"}],"author":[{"embeddable":true,"href":"https:\/\/camillelemerrer.fr\/index.php?rest_route=\/wp\/v2\/users\/1"}],"replies":[{"embeddable":true,"href":"https:\/\/camillelemerrer.fr\/index.php?rest_route=%2Fwp%2Fv2%2Fcomments&post=89"}],"version-history":[{"count":11,"href":"https:\/\/camillelemerrer.fr\/index.php?rest_route=\/wp\/v2\/pages\/89\/revisions"}],"predecessor-version":[{"id":148,"href":"https:\/\/camillelemerrer.fr\/index.php?rest_route=\/wp\/v2\/pages\/89\/revisions\/148"}],"wp:attachment":[{"href":"https:\/\/camillelemerrer.fr\/index.php?rest_route=%2Fwp%2Fv2%2Fmedia&parent=89"}],"curies":[{"name":"wp","href":"https:\/\/api.w.org\/{rel}","templated":true}]}}