{"id":360,"date":"2025-12-11T20:31:28","date_gmt":"2025-12-11T20:31:28","guid":{"rendered":"https:\/\/camillelemerrer.fr\/?page_id=360"},"modified":"2026-02-13T20:45:33","modified_gmt":"2026-02-13T20:45:33","slug":"mini-stages-odonates","status":"publish","type":"page","link":"https:\/\/camillelemerrer.fr\/?page_id=360","title":{"rendered":"Mini-stages Odonates"},"content":{"rendered":"\n<h1 class=\"wp-block-heading has-text-align-center\">Mini-stages Odonates<\/h1>\n\n\n\n<p class=\"has-text-align-center\">Deux types de stages sont propos\u00e9s, pour <strong>s\u2019initier <\/strong>aux Odonates ou <strong>se perfectionner<\/strong> \u00e0 l\u2019\u00e9tude de certaines esp\u00e8ces ou certains milieux. <br>Pour vous inscrire ou avoir plus d&#8217;informations sur les stages, \u00e9crivez-moi \u00e0 <strong>camille.lemerrer[a]wanadoo.fr<\/strong>.<\/p>\n\n\n\n<hr class=\"wp-block-separator has-alpha-channel-opacity\"\/>\n\n\n\n<h3 class=\"wp-block-heading has-text-align-center\">Stages d&#8217;initiation<\/h3>\n\n\n\n<p class=\"has-text-align-center\">Adapt\u00e9s pour les <strong>enfants<\/strong> et les <strong>adultes,<\/strong> \u00e0 destination de toute personne curieuse d\u2019en apprendre plus sur les libellules !<br><strong>Tarif<\/strong> : 20\u20ac \/ Gratuit pour les personnes \u00e0 faibles revenus (\u00e9tudiant\u00b7e\u00b7s, sans emploi, autre.) \/ Tarif r\u00e9duit pour les familles.<\/p>\n\n\n\n<figure class=\"wp-block-image alignleft size-large is-resized\"><img loading=\"lazy\" decoding=\"async\" width=\"1024\" height=\"587\" src=\"https:\/\/camillelemerrer.fr\/wp-content\/uploads\/2025\/12\/P1230408-1024x587.jpg\" alt=\"\" class=\"wp-image-412\" style=\"width:449px;height:auto\" srcset=\"https:\/\/camillelemerrer.fr\/wp-content\/uploads\/2025\/12\/P1230408-1024x587.jpg 1024w, https:\/\/camillelemerrer.fr\/wp-content\/uploads\/2025\/12\/P1230408-300x172.jpg 300w, https:\/\/camillelemerrer.fr\/wp-content\/uploads\/2025\/12\/P1230408-768x440.jpg 768w, https:\/\/camillelemerrer.fr\/wp-content\/uploads\/2025\/12\/P1230408-1536x880.jpg 1536w, https:\/\/camillelemerrer.fr\/wp-content\/uploads\/2025\/12\/P1230408-2048x1174.jpg 2048w\" sizes=\"auto, (max-width: 1024px) 100vw, 1024px\" \/><\/figure>\n\n\n\n<p class=\"has-text-align-center\"><br><em>13 juin et 11 juillet 2026, 13h30-17h00, Eurre (26). 15 places.<\/em><br>Site <strong>accessible \u00e0 tout le monde<\/strong> (enfants et adultes).<br><br><\/p>\n\n\n\n<p class=\"has-text-align-center\">Venez <strong>d\u00e9couvrir le monde des Libellules<\/strong> ! Leur cycle de vie et leurs particularit\u00e9s n&#8217;auront (presque) plus de secrets pour vous. Apr\u00e8s une courte introduction illustr\u00e9e, nous irons au bord de l&#8217;eau \u00e0 la rencontre des diff\u00e9rentes esp\u00e8ces pr\u00e9sentes sur le site.<\/p>\n\n\n\n<div style=\"height:1px\" aria-hidden=\"true\" class=\"wp-block-spacer\"><\/div>\n\n\n\n<hr class=\"wp-block-separator has-alpha-channel-opacity is-style-default\"\/>\n\n\n\n<h3 class=\"wp-block-heading has-text-align-center\">Stages de perfectionnement<\/h3>\n\n\n\n<p class=\"has-text-align-center\">\u00c0 destination des naturalistes amateur\u00b7ice\u00b7s ou professionnel\u00b7le\u00b7s ; les personnes d\u00e9butantes sont bienvenues !<br><strong>Tarif<\/strong> : 40\u20ac \/ Gratuit pour les personnes \u00e0 faibles revenus (\u00e9tudiant\u00b7e\u00b7s, sans emploi, autre.).<\/p>\n\n\n\n<p class=\"has-text-align-center\">Ces journ\u00e9es th\u00e9matiques vous permettront d&#8217;<strong>approfondir vos connaissances<\/strong> en lien avec des esp\u00e8ces ou des milieux particuliers et les m\u00e9thodes d\u2019inventaires adapt\u00e9es. L&#8217;objectif est de vous faire <strong>gagner en autonomie <\/strong>sur la d\u00e9tection et l\u2019identification des esp\u00e8ces (imagos et exuvies).<\/p>\n\n\n\n<div style=\"height:0px\" aria-hidden=\"true\" class=\"wp-block-spacer\"><\/div>\n\n\n\n<figure class=\"wp-block-image alignright size-large is-resized\"><img loading=\"lazy\" decoding=\"async\" width=\"1024\" height=\"978\" src=\"https:\/\/camillelemerrer.fr\/wp-content\/uploads\/2025\/12\/P1230718-1024x978.jpg\" alt=\"\" class=\"wp-image-403\" style=\"aspect-ratio:1.0416960224792335;width:425px;height:auto\" srcset=\"https:\/\/camillelemerrer.fr\/wp-content\/uploads\/2025\/12\/P1230718-1024x978.jpg 1024w, https:\/\/camillelemerrer.fr\/wp-content\/uploads\/2025\/12\/P1230718-300x286.jpg 300w, https:\/\/camillelemerrer.fr\/wp-content\/uploads\/2025\/12\/P1230718-768x733.jpg 768w, https:\/\/camillelemerrer.fr\/wp-content\/uploads\/2025\/12\/P1230718-1536x1466.jpg 1536w, https:\/\/camillelemerrer.fr\/wp-content\/uploads\/2025\/12\/P1230718-2048x1955.jpg 2048w\" sizes=\"auto, (max-width: 1024px) 100vw, 1024px\" \/><\/figure>\n\n\n\n<p class=\"has-text-align-center\"><strong>Esp\u00e8ces pr\u00e9coces de la vall\u00e9e du Rh\u00f4ne.<\/strong><br><em>10 mai 2026, 09h30-17h00, Le Pouzin (07) et Saulce-sur-Rh\u00f4ne (26). 10 places.<\/em><\/p>\n\n\n\n<p class=\"has-text-align-center\"><a href=\"https:\/\/camillelemerrer.fr\/wp-content\/uploads\/2025\/12\/Mini-stages-Odonates-2026-PDF-Especes-precoces.pdf\" data-type=\"link\" data-id=\"https:\/\/camillelemerrer.fr\/wp-content\/uploads\/2025\/12\/Mini-stages-Odonates-2026-PDF-Especes-precoces.pdf\" target=\"_blank\" rel=\"noreferrer noopener\">+ d&#8217;infos sur le stage<\/a><\/p>\n\n\n\n<p class=\"has-text-align-center\"><strong>Mares et rivi\u00e8res de plaine : les suivis adapt\u00e9s (Steli et Sogap).<\/strong><br><em>14 juin 2026, 09h30-17h00, Mont\u00e9l\u00e9ger (26). 10 places.<\/em><\/p>\n\n\n\n<p class=\"has-text-align-center\"><a href=\"https:\/\/camillelemerrer.fr\/wp-content\/uploads\/2026\/02\/Mini-stages-Odonates-2026-PDF-Mares-et-rivieres-de-plaine.pdf\">+ d&#8217;infos sur le stage<\/a><\/p>\n\n\n\n<p class=\"has-text-align-center\"><strong>Esp\u00e8ces embl\u00e9matiques de la vall\u00e9e du Rh\u00f4ne.<\/strong><br><em>12 juillet 2026, 10h00-17h30, Pierrelatte et Donz\u00e8re (26). 10 places<\/em>.<\/p>\n\n\n\n<p class=\"has-text-align-center\"><a href=\"https:\/\/camillelemerrer.fr\/wp-content\/uploads\/2025\/12\/Mini-stages-Odonates-2026-PDF-Especes-emblematiques.pdf\" target=\"_blank\" rel=\"noreferrer noopener\">+ d&#8217;infos sur le stage<\/a><\/p>\n\n\n\n<div style=\"height:2px\" aria-hidden=\"true\" class=\"wp-block-spacer\"><\/div>\n\n\n\n<hr class=\"wp-block-separator has-alpha-channel-opacity\"\/>\n\n\n\n<h3 class=\"wp-block-heading has-text-align-center\">Contenu des stages de perfectionnement<\/h3>\n\n\n\n<p class=\"has-text-align-center\">(Le contenu est adapt\u00e9 en fonction des envies et du niveau des participant\u00b7es)<\/p>\n\n\n\n<figure class=\"wp-block-image alignleft size-large is-resized\"><img loading=\"lazy\" decoding=\"async\" width=\"1024\" height=\"917\" src=\"https:\/\/camillelemerrer.fr\/wp-content\/uploads\/2025\/12\/P1140515-1024x917.jpg\" alt=\"\" class=\"wp-image-465\" style=\"aspect-ratio:1.1166875784190715;width:491px;height:auto\" srcset=\"https:\/\/camillelemerrer.fr\/wp-content\/uploads\/2025\/12\/P1140515-1024x917.jpg 1024w, https:\/\/camillelemerrer.fr\/wp-content\/uploads\/2025\/12\/P1140515-300x269.jpg 300w, https:\/\/camillelemerrer.fr\/wp-content\/uploads\/2025\/12\/P1140515-768x688.jpg 768w, https:\/\/camillelemerrer.fr\/wp-content\/uploads\/2025\/12\/P1140515-1536x1375.jpg 1536w, https:\/\/camillelemerrer.fr\/wp-content\/uploads\/2025\/12\/P1140515-2048x1834.jpg 2048w\" sizes=\"auto, (max-width: 1024px) 100vw, 1024px\" \/><\/figure>\n\n\n\n<p class=\"has-text-align-center\"><strong>Identification des imagos, larves et exuvies<\/strong> : \u00e0 vue, en main ou sur photos, pr\u00e9sentation des avantages et des limites des diff\u00e9rentes m\u00e9thodes. Initiation \u00e0 la capture (avec rel\u00e2cher) et \u00e0 la manipulation des larves et des imagos ainsi qu&#8217;\u00e0 la recherche des exuvies. Pr\u00e9sentation des ouvrages de r\u00e9f\u00e9rence pour la d\u00e9termination et mise \u00e0 disposition de documents PDF d&#8217;aide \u00e0 l&#8217;identification d&#8217;esp\u00e8ces proches (format adapt\u00e9 aux smarthphones).<\/p>\n\n\n\n<p class=\"has-text-align-center\"><strong>M\u00e9thodes de prospection<\/strong> : pr\u00e9sentation des diff\u00e9rentes m\u00e9thodes de prospections adapt\u00e9es aux milieux et aux esp\u00e8ces cibl\u00e9es. <\/p>\n\n\n\n<p class=\"has-text-align-center\"><strong>Ecologie et biologie des Odonates<\/strong> : apport de connaissances g\u00e9n\u00e9rales et d&#8217;informations sp\u00e9cifiques sur certaines esp\u00e8ces (esp\u00e8ces prot\u00e9g\u00e9es, sur Listes rouges, concern\u00e9es par le <a href=\"https:\/\/libellules.pnaopie.fr\/\">Plan National d&#8217;Actions<\/a>, etc.) ou sur certains milieux particuliers .<\/p>\n\n\n\n<p class=\"has-text-align-center\"><strong>Transmission des donn\u00e9es <\/strong>: mani\u00e8res simples et utiles de transmettre ses donn\u00e9es sur le terrain (sur smartphone) ou chez soi (sur ordinateur).<\/p>\n\n\n\n<p><\/p>\n","protected":false},"excerpt":{"rendered":"<p>Mini-stages Odonates Deux types de stages sont propos\u00e9s, pour s\u2019initier aux Odonates ou se perfectionner \u00e0 l\u2019\u00e9tude de certaines esp\u00e8ces [&hellip;]<\/p>\n","protected":false},"author":1,"featured_media":0,"parent":0,"menu_order":0,"comment_status":"closed","ping_status":"closed","template":"","meta":{"site-sidebar-layout":"default","site-content-layout":"","ast-site-content-layout":"default","site-content-style":"default","site-sidebar-style":"default","ast-global-header-display":"","ast-banner-title-visibility":"","ast-main-header-display":"","ast-hfb-above-header-display":"","ast-hfb-below-header-display":"","ast-hfb-mobile-header-display":"","site-post-title":"disabled","ast-breadcrumbs-content":"","ast-featured-img":"","footer-sml-layout":"","theme-transparent-header-meta":"","adv-header-id-meta":"","stick-header-meta":"","header-above-stick-meta":"","header-main-stick-meta":"","header-below-stick-meta":"","astra-migrate-meta-layouts":"default","ast-page-background-enabled":"default","ast-page-background-meta":{"desktop":{"background-color":"var(--ast-global-color-5)","background-image":"","background-repeat":"repeat","background-position":"center center","background-size":"auto","background-attachment":"scroll","background-type":"","background-media":"","overlay-type":"","overlay-color":"","overlay-opacity":"","overlay-gradient":""},"tablet":{"background-color":"","background-image":"","background-repeat":"repeat","background-position":"center center","background-size":"auto","background-attachment":"scroll","background-type":"","background-media":"","overlay-type":"","overlay-color":"","overlay-opacity":"","overlay-gradient":""},"mobile":{"background-color":"","background-image":"","background-repeat":"repeat","background-position":"center center","background-size":"auto","background-attachment":"scroll","background-type":"","background-media":"","overlay-type":"","overlay-color":"","overlay-opacity":"","overlay-gradient":""}},"ast-content-background-meta":{"desktop":{"background-color":"var(--ast-global-color-4)","background-image":"","background-repeat":"repeat","background-position":"center center","background-size":"auto","background-attachment":"scroll","background-type":"","background-media":"","overlay-type":"","overlay-color":"","overlay-opacity":"","overlay-gradient":""},"tablet":{"background-color":"var(--ast-global-color-4)","background-image":"","background-repeat":"repeat","background-position":"center center","background-size":"auto","background-attachment":"scroll","background-type":"","background-media":"","overlay-type":"","overlay-color":"","overlay-opacity":"","overlay-gradient":""},"mobile":{"background-color":"var(--ast-global-color-4)","background-image":"","background-repeat":"repeat","background-position":"center center","background-size":"auto","background-attachment":"scroll","background-type":"","background-media":"","overlay-type":"","overlay-color":"","overlay-opacity":"","overlay-gradient":""}},"footnotes":""},"class_list":["post-360","page","type-page","status-publish","hentry"],"_links":{"self":[{"href":"https:\/\/camillelemerrer.fr\/index.php?rest_route=\/wp\/v2\/pages\/360","targetHints":{"allow":["GET"]}}],"collection":[{"href":"https:\/\/camillelemerrer.fr\/index.php?rest_route=\/wp\/v2\/pages"}],"about":[{"href":"https:\/\/camillelemerrer.fr\/index.php?rest_route=\/wp\/v2\/types\/page"}],"author":[{"embeddable":true,"href":"https:\/\/camillelemerrer.fr\/index.php?rest_route=\/wp\/v2\/users\/1"}],"replies":[{"embeddable":true,"href":"https:\/\/camillelemerrer.fr\/index.php?rest_route=%2Fwp%2Fv2%2Fcomments&post=360"}],"version-history":[{"count":66,"href":"https:\/\/camillelemerrer.fr\/index.php?rest_route=\/wp\/v2\/pages\/360\/revisions"}],"predecessor-version":[{"id":486,"href":"https:\/\/camillelemerrer.fr\/index.php?rest_route=\/wp\/v2\/pages\/360\/revisions\/486"}],"wp:attachment":[{"href":"https:\/\/camillelemerrer.fr\/index.php?rest_route=%2Fwp%2Fv2%2Fmedia&parent=360"}],"curies":[{"name":"wp","href":"https:\/\/api.w.org\/{rel}","templated":true}]}}