{"id":24,"date":"2025-11-02T21:14:39","date_gmt":"2025-11-02T21:14:39","guid":{"rendered":"https:\/\/camillelemerrer.fr\/?page_id=24"},"modified":"2025-12-11T22:13:23","modified_gmt":"2025-12-11T22:13:23","slug":"services-proposes","status":"publish","type":"page","link":"https:\/\/camillelemerrer.fr\/?page_id=24","title":{"rendered":"Services"},"content":{"rendered":"\n<div style=\"height:24px\" aria-hidden=\"true\" class=\"wp-block-spacer\"><\/div>\n\n\n\n<h1 class=\"wp-block-heading has-text-align-center\">Mes services propos\u00e9s<\/h1>\n\n\n\n<div style=\"height:24px\" aria-hidden=\"true\" class=\"wp-block-spacer\"><\/div>\n\n\n\n<figure class=\"wp-block-image alignleft size-large is-resized\"><img loading=\"lazy\" decoding=\"async\" width=\"1024\" height=\"844\" src=\"https:\/\/camillelemerrer.fr\/wp-content\/uploads\/2025\/12\/P1140486-1-1024x844.jpg\" alt=\"\" class=\"wp-image-453\" style=\"aspect-ratio:1.2132691186275733;width:505px;height:auto\" srcset=\"https:\/\/camillelemerrer.fr\/wp-content\/uploads\/2025\/12\/P1140486-1-1024x844.jpg 1024w, https:\/\/camillelemerrer.fr\/wp-content\/uploads\/2025\/12\/P1140486-1-300x247.jpg 300w, https:\/\/camillelemerrer.fr\/wp-content\/uploads\/2025\/12\/P1140486-1-768x633.jpg 768w, https:\/\/camillelemerrer.fr\/wp-content\/uploads\/2025\/12\/P1140486-1-1536x1266.jpg 1536w, https:\/\/camillelemerrer.fr\/wp-content\/uploads\/2025\/12\/P1140486-1-2048x1688.jpg 2048w\" sizes=\"auto, (max-width: 1024px) 100vw, 1024px\" \/><\/figure>\n\n\n\n<hr class=\"wp-block-separator has-alpha-channel-opacity\"\/>\n\n\n\n<h2 class=\"wp-block-heading has-text-align-center\" style=\"font-size:32px\"><strong>EXPERTISE<\/strong><\/h2>\n\n\n\n<p class=\"has-text-align-center\" style=\"font-size:21px;line-height:1.5;text-transform:uppercase\"><em><strong>Inventaires et suivis des Odonates, accompagnement dans les mesures de gestion<\/strong><\/em><\/p>\n\n\n\n<p class=\"has-text-align-center\">Je r\u00e9alise des inventaires et des suivis d&#8217;Odonates, en appliquant des m\u00e9thodologies diff\u00e9rentes selon les enjeux des sites et des esp\u00e8ces cibl\u00e9es, les besoins et les contraintes financi\u00e8res des structures. J&#8217;accompagne les structures dans la prise en compte des enjeux odonatologiques dans leurs mesures de gestion.<br>&gt; Mise en place du protocole standardis\u00e9 <a>Steli<\/a>,<br>&gt; Mise en place du protocole standardis\u00e9 <a>Sogap<\/a>,<br>&gt; Expertise dans la recherche et l\u2019identification des exuvies et des larves pour \u00e9tudier des esp\u00e8ces sous-d\u00e9tect\u00e9es et discr\u00e8tes.<br><\/p>\n\n\n\n<div style=\"height:34px\" aria-hidden=\"true\" class=\"wp-block-spacer\"><\/div>\n\n\n\n<figure class=\"wp-block-image alignright size-large is-resized\"><img loading=\"lazy\" decoding=\"async\" width=\"1024\" height=\"686\" src=\"https:\/\/camillelemerrer.fr\/wp-content\/uploads\/2025\/12\/P1220646-1024x686.jpg\" alt=\"\" class=\"wp-image-455\" style=\"aspect-ratio:1.4927048516014236;width:561px;height:auto\" srcset=\"https:\/\/camillelemerrer.fr\/wp-content\/uploads\/2025\/12\/P1220646-1024x686.jpg 1024w, https:\/\/camillelemerrer.fr\/wp-content\/uploads\/2025\/12\/P1220646-300x201.jpg 300w, https:\/\/camillelemerrer.fr\/wp-content\/uploads\/2025\/12\/P1220646-768x515.jpg 768w, https:\/\/camillelemerrer.fr\/wp-content\/uploads\/2025\/12\/P1220646-1536x1029.jpg 1536w, https:\/\/camillelemerrer.fr\/wp-content\/uploads\/2025\/12\/P1220646-2048x1373.jpg 2048w\" sizes=\"auto, (max-width: 1024px) 100vw, 1024px\" \/><\/figure>\n\n\n\n<hr class=\"wp-block-separator has-alpha-channel-opacity\"\/>\n\n\n\n<h2 class=\"wp-block-heading has-text-align-center\" style=\"font-size:32px\"><strong>FORMATION<\/strong><\/h2>\n\n\n\n<p class=\"has-text-align-center\" style=\"padding-top:0;padding-bottom:0;font-size:21px;text-transform:uppercase\"><em><strong><em>Identification des Odonates, m\u00e9thodes d\u2019inventaires et prise en compte dans la gestion<\/em><\/strong><\/em><\/p>\n\n\n\n<p><\/p>\n\n\n\n<p class=\"has-text-align-center\">Je forme \u00e0 la reconnaissance des Odonates (imagos, larves et exuvies) \u00e0 l&#8217;aide de diff\u00e9rentes m\u00e9thodes (sur le terrain, en laboratoire, sur photos), en fonction des besoins des personnes et des structures. Cela va de la sensibilisation de naturalistes amateurs \u00e0 la formation de professionnels. J&#8217;accompagne \u00e9galement les structures \u00e0 la prise en compte des enjeux odonatologiques dans leur gestion des sites.<\/p>\n\n\n\n<p class=\"has-text-align-center\"><\/p>\n\n\n\n<div style=\"height:40px\" aria-hidden=\"true\" class=\"wp-block-spacer\"><\/div>\n\n\n\n<figure class=\"wp-block-image alignleft size-full is-resized\"><img loading=\"lazy\" decoding=\"async\" width=\"783\" height=\"634\" src=\"https:\/\/camillelemerrer.fr\/wp-content\/uploads\/2025\/12\/205567406_937179637138851_22067084499376112_n.jpeg\" alt=\"\" class=\"wp-image-459\" style=\"width:481px;height:auto\" srcset=\"https:\/\/camillelemerrer.fr\/wp-content\/uploads\/2025\/12\/205567406_937179637138851_22067084499376112_n.jpeg 783w, https:\/\/camillelemerrer.fr\/wp-content\/uploads\/2025\/12\/205567406_937179637138851_22067084499376112_n-300x243.jpeg 300w, https:\/\/camillelemerrer.fr\/wp-content\/uploads\/2025\/12\/205567406_937179637138851_22067084499376112_n-768x622.jpeg 768w\" sizes=\"auto, (max-width: 783px) 100vw, 783px\" \/><figcaption class=\"wp-element-caption\"><strong>Cr\u00e9dit<\/strong> : <a href=\"https:\/\/www.virginieterrassin.fr\/\">Virginie Terrassin<\/a> \u00a9<\/figcaption><\/figure>\n\n\n\n<hr class=\"wp-block-separator has-alpha-channel-opacity\"\/>\n\n\n\n<h2 class=\"wp-block-heading has-text-align-center\" style=\"font-size:32px\">ANIMATION<\/h2>\n\n\n\n<p class=\"has-text-align-center\" style=\"font-size:21px;text-transform:uppercase\"><em><strong>\u00c9ducation \u00e0 l&#8217;environnement, vulgarisation scientifique, sensibilisation \u00e0 la protection des zones humides<\/strong><\/em><\/p>\n\n\n\n<p class=\"has-text-align-center\">Apr\u00e8s plus de 15 ans de pratique professionnelle de l&#8217;animation nature et scientifique, je peux construire et r\u00e9aliser des projets d&#8217;\u00e9ducation \u00e0 l&#8217;environnement adapt\u00e9s \u00e0 tous les publics via des supports vari\u00e9s (sorties d\u00e9couvertes, r\u00e9alisation d&#8217;outils p\u00e9dagogiques, r\u00e9daction d&#8217;ouvrages de vulgarisation, conf\u00e9rences, cin\u00e9-d\u00e9bats, etc.). D&#8217;une sortie d\u00e9couverte \u00e0 la journ\u00e9e \u00e0 un projet scolaire s&#8217;\u00e9talant sur une ann\u00e9e, je saurai m&#8217;adapter \u00e0 vos besoins en termes d&#8217;approches (naturaliste, sensible, ludique) et de contenu.<\/p>\n\n\n\n<p><a href=\"https:\/\/camillelemerrer.fr\/?page_id=24\" target=\"_blank\" rel=\"noreferrer noopener\"><\/a><\/p>\n\n\n\n<div style=\"height:14px\" aria-hidden=\"true\" class=\"wp-block-spacer\"><\/div>\n\n\n\n<figure class=\"wp-block-image alignright size-large is-resized\"><img loading=\"lazy\" decoding=\"async\" width=\"1024\" height=\"913\" src=\"https:\/\/camillelemerrer.fr\/wp-content\/uploads\/2025\/12\/P1250234-1024x913.jpg\" alt=\"\" class=\"wp-image-463\" style=\"width:451px;height:auto\" srcset=\"https:\/\/camillelemerrer.fr\/wp-content\/uploads\/2025\/12\/P1250234-1024x913.jpg 1024w, https:\/\/camillelemerrer.fr\/wp-content\/uploads\/2025\/12\/P1250234-300x267.jpg 300w, https:\/\/camillelemerrer.fr\/wp-content\/uploads\/2025\/12\/P1250234-768x685.jpg 768w, https:\/\/camillelemerrer.fr\/wp-content\/uploads\/2025\/12\/P1250234-1536x1369.jpg 1536w, https:\/\/camillelemerrer.fr\/wp-content\/uploads\/2025\/12\/P1250234-2048x1826.jpg 2048w\" sizes=\"auto, (max-width: 1024px) 100vw, 1024px\" \/><\/figure>\n\n\n\n<hr class=\"wp-block-separator has-alpha-channel-opacity\"\/>\n\n\n\n<h2 class=\"wp-block-heading has-text-align-center\" style=\"font-size:32px\">PARTICULIERS<\/h2>\n\n\n\n<p class=\"has-text-align-center\" style=\"font-size:21px;text-transform:uppercase\"><strong><em>ORGANISATION DE S\u00e9jours odonatologiques<\/em><\/strong><\/p>\n\n\n\n<p class=\"has-text-align-center\">Vous souhaitez approfondir vos connaissances sur les Odonates en d\u00e9couvrant des milieux riches et vari\u00e9s ? D\u00e9couvrir des esp\u00e8ces particuli\u00e8res, des milieux sp\u00e9cifiques (tuffi\u00e8res, rivi\u00e8res en tresses&#8230;), vous initier aux exuvies ou aux larves ? Construisons ensemble votre s\u00e9jour pour qu&#8217;il corresponde au mieux \u00e0 vos envies. Je m&#8217;occupe de la partie logistique (r\u00e9servation de l&#8217;h\u00e9bergement, repas, trajets) et de vous guider sur le terrain. <br>Les s\u00e9jours ont lieu dans la Dr\u00f4me et ses d\u00e9partements limitrophes, ce qui permet d&#8217;observer plus des \u00be des esp\u00e8ces d&#8217;Odonates pr\u00e9sentes en France.<\/p>\n","protected":false},"excerpt":{"rendered":"<p>Mes services propos\u00e9s EXPERTISE Inventaires et suivis des Odonates, accompagnement dans les mesures de gestion Je r\u00e9alise des inventaires et [&hellip;]<\/p>\n","protected":false},"author":1,"featured_media":0,"parent":0,"menu_order":0,"comment_status":"closed","ping_status":"closed","template":"","meta":{"site-sidebar-layout":"default","site-content-layout":"","ast-site-content-layout":"default","site-content-style":"default","site-sidebar-style":"default","ast-global-header-display":"","ast-banner-title-visibility":"","ast-main-header-display":"","ast-hfb-above-header-display":"","ast-hfb-below-header-display":"","ast-hfb-mobile-header-display":"","site-post-title":"disabled","ast-breadcrumbs-content":"","ast-featured-img":"","footer-sml-layout":"","theme-transparent-header-meta":"","adv-header-id-meta":"","stick-header-meta":"","header-above-stick-meta":"","header-main-stick-meta":"","header-below-stick-meta":"","astra-migrate-meta-layouts":"default","ast-page-background-enabled":"default","ast-page-background-meta":{"desktop":{"background-color":"var(--ast-global-color-5)","background-image":"","background-repeat":"repeat","background-position":"center center","background-size":"auto","background-attachment":"scroll","background-type":"","background-media":"","overlay-type":"","overlay-color":"","overlay-opacity":"","overlay-gradient":""},"tablet":{"background-color":"","background-image":"","background-repeat":"repeat","background-position":"center center","background-size":"auto","background-attachment":"scroll","background-type":"","background-media":"","overlay-type":"","overlay-color":"","overlay-opacity":"","overlay-gradient":""},"mobile":{"background-color":"","background-image":"","background-repeat":"repeat","background-position":"center center","background-size":"auto","background-attachment":"scroll","background-type":"","background-media":"","overlay-type":"","overlay-color":"","overlay-opacity":"","overlay-gradient":""}},"ast-content-background-meta":{"desktop":{"background-color":"var(--ast-global-color-4)","background-image":"","background-repeat":"repeat","background-position":"center center","background-size":"auto","background-attachment":"scroll","background-type":"","background-media":"","overlay-type":"","overlay-color":"","overlay-opacity":"","overlay-gradient":""},"tablet":{"background-color":"var(--ast-global-color-4)","background-image":"","background-repeat":"repeat","background-position":"center center","background-size":"auto","background-attachment":"scroll","background-type":"","background-media":"","overlay-type":"","overlay-color":"","overlay-opacity":"","overlay-gradient":""},"mobile":{"background-color":"var(--ast-global-color-4)","background-image":"","background-repeat":"repeat","background-position":"center center","background-size":"auto","background-attachment":"scroll","background-type":"","background-media":"","overlay-type":"","overlay-color":"","overlay-opacity":"","overlay-gradient":""}},"footnotes":""},"class_list":["post-24","page","type-page","status-publish","hentry"],"_links":{"self":[{"href":"https:\/\/camillelemerrer.fr\/index.php?rest_route=\/wp\/v2\/pages\/24","targetHints":{"allow":["GET"]}}],"collection":[{"href":"https:\/\/camillelemerrer.fr\/index.php?rest_route=\/wp\/v2\/pages"}],"about":[{"href":"https:\/\/camillelemerrer.fr\/index.php?rest_route=\/wp\/v2\/types\/page"}],"author":[{"embeddable":true,"href":"https:\/\/camillelemerrer.fr\/index.php?rest_route=\/wp\/v2\/users\/1"}],"replies":[{"embeddable":true,"href":"https:\/\/camillelemerrer.fr\/index.php?rest_route=%2Fwp%2Fv2%2Fcomments&post=24"}],"version-history":[{"count":61,"href":"https:\/\/camillelemerrer.fr\/index.php?rest_route=\/wp\/v2\/pages\/24\/revisions"}],"predecessor-version":[{"id":464,"href":"https:\/\/camillelemerrer.fr\/index.php?rest_route=\/wp\/v2\/pages\/24\/revisions\/464"}],"wp:attachment":[{"href":"https:\/\/camillelemerrer.fr\/index.php?rest_route=%2Fwp%2Fv2%2Fmedia&parent=24"}],"curies":[{"name":"wp","href":"https:\/\/api.w.org\/{rel}","templated":true}]}}