{"id":124,"date":"2025-11-03T23:18:23","date_gmt":"2025-11-03T23:18:23","guid":{"rendered":"https:\/\/camillelemerrer.fr\/?page_id=124"},"modified":"2025-12-12T17:04:31","modified_gmt":"2025-12-12T17:04:31","slug":"presse","status":"publish","type":"page","link":"https:\/\/camillelemerrer.fr\/?page_id=124","title":{"rendered":"Presse"},"content":{"rendered":"\n<p style=\"font-size:24px\">D\u00e9couverte de <em>Selysiothemis nigra<\/em> en Dr\u00f4me et Ard\u00e8che :<\/p>\n\n\n\n<div style=\"height:0px\" aria-hidden=\"true\" class=\"wp-block-spacer\"><\/div>\n\n\n\n<figure class=\"wp-block-image alignleft size-large is-resized\"><a href=\"https:\/\/camillelemerrer.fr\/wp-content\/uploads\/2025\/11\/Capture-decran-2025-11-14-a-17.19.30.png\" target=\"_blank\" rel=\" noreferrer noopener\"><img loading=\"lazy\" decoding=\"async\" width=\"1024\" height=\"843\" src=\"https:\/\/camillelemerrer.fr\/wp-content\/uploads\/2025\/11\/Capture-decran-2025-11-14-a-17.19.30-1024x843.png\" alt=\"\" class=\"wp-image-300\" style=\"width:597px;height:auto\" srcset=\"https:\/\/camillelemerrer.fr\/wp-content\/uploads\/2025\/11\/Capture-decran-2025-11-14-a-17.19.30-1024x843.png 1024w, https:\/\/camillelemerrer.fr\/wp-content\/uploads\/2025\/11\/Capture-decran-2025-11-14-a-17.19.30-300x247.png 300w, https:\/\/camillelemerrer.fr\/wp-content\/uploads\/2025\/11\/Capture-decran-2025-11-14-a-17.19.30-768x633.png 768w, https:\/\/camillelemerrer.fr\/wp-content\/uploads\/2025\/11\/Capture-decran-2025-11-14-a-17.19.30-1536x1265.png 1536w, https:\/\/camillelemerrer.fr\/wp-content\/uploads\/2025\/11\/Capture-decran-2025-11-14-a-17.19.30-2048x1687.png 2048w\" sizes=\"auto, (max-width: 1024px) 100vw, 1024px\" \/><\/a><figcaption class=\"wp-element-caption\">Article du journal <em>Dauphin\u00e9 Lib\u00e9r\u00e9<\/em> du 04\/09\/25.<\/figcaption><\/figure>\n\n\n\n<p class=\"has-text-align-center\"><strong>Liens vers les articles en ligne :<\/strong><\/p>\n\n\n\n<p class=\"has-text-align-center\"><br><a href=\"https:\/\/www.ledauphine.com\/environnement\/2025\/09\/04\/la-libellule-noire-observee-pour-la-premiere-fois-dans-la-drome\"><br>Dauphin\u00e9 Lib\u00e9r\u00e9 du 04\/09\/2025<\/a><br><br><a href=\"https:\/\/www.radiofrance.fr\/francebleu\/podcasts\/l-info-en-plus\/l-info-en-plus-la-libellule-noire-debarque-en-drome-ardeche-7106340\">Intervention radio Ici Dr\u00f4me-Ard\u00e8che 09\/09\/25<br><\/a><br><a href=\"https:\/\/actu.fr\/auvergne-rhone-alpes\/donzere_26116\/arrivee-de-la-libellule-noire-en-drome-et-ardeche-observee-pour-la-premiere-fois-va-t-elle-s-installer_63140968.html\">Article sur le site Actu-Dr\u00f4me le 10\/09\/25<\/a><\/p>\n","protected":false},"excerpt":{"rendered":"<p>D\u00e9couverte de Selysiothemis nigra en Dr\u00f4me et Ard\u00e8che : Liens vers les articles en ligne : Dauphin\u00e9 Lib\u00e9r\u00e9 du 04\/09\/2025 [&hellip;]<\/p>\n","protected":false},"author":1,"featured_media":0,"parent":0,"menu_order":0,"comment_status":"closed","ping_status":"closed","template":"","meta":{"site-sidebar-layout":"default","site-content-layout":"","ast-site-content-layout":"default","site-content-style":"default","site-sidebar-style":"default","ast-global-header-display":"","ast-banner-title-visibility":"","ast-main-header-display":"","ast-hfb-above-header-display":"","ast-hfb-below-header-display":"","ast-hfb-mobile-header-display":"","site-post-title":"","ast-breadcrumbs-content":"","ast-featured-img":"","footer-sml-layout":"","theme-transparent-header-meta":"","adv-header-id-meta":"","stick-header-meta":"","header-above-stick-meta":"","header-main-stick-meta":"","header-below-stick-meta":"","astra-migrate-meta-layouts":"default","ast-page-background-enabled":"default","ast-page-background-meta":{"desktop":{"background-color":"var(--ast-global-color-5)","background-image":"","background-repeat":"repeat","background-position":"center center","background-size":"auto","background-attachment":"scroll","background-type":"","background-media":"","overlay-type":"","overlay-color":"","overlay-opacity":"","overlay-gradient":""},"tablet":{"background-color":"","background-image":"","background-repeat":"repeat","background-position":"center center","background-size":"auto","background-attachment":"scroll","background-type":"","background-media":"","overlay-type":"","overlay-color":"","overlay-opacity":"","overlay-gradient":""},"mobile":{"background-color":"","background-image":"","background-repeat":"repeat","background-position":"center center","background-size":"auto","background-attachment":"scroll","background-type":"","background-media":"","overlay-type":"","overlay-color":"","overlay-opacity":"","overlay-gradient":""}},"ast-content-background-meta":{"desktop":{"background-color":"var(--ast-global-color-4)","background-image":"","background-repeat":"repeat","background-position":"center center","background-size":"auto","background-attachment":"scroll","background-type":"","background-media":"","overlay-type":"","overlay-color":"","overlay-opacity":"","overlay-gradient":""},"tablet":{"background-color":"var(--ast-global-color-4)","background-image":"","background-repeat":"repeat","background-position":"center center","background-size":"auto","background-attachment":"scroll","background-type":"","background-media":"","overlay-type":"","overlay-color":"","overlay-opacity":"","overlay-gradient":""},"mobile":{"background-color":"var(--ast-global-color-4)","background-image":"","background-repeat":"repeat","background-position":"center center","background-size":"auto","background-attachment":"scroll","background-type":"","background-media":"","overlay-type":"","overlay-color":"","overlay-opacity":"","overlay-gradient":""}},"footnotes":""},"class_list":["post-124","page","type-page","status-publish","hentry"],"_links":{"self":[{"href":"https:\/\/camillelemerrer.fr\/index.php?rest_route=\/wp\/v2\/pages\/124","targetHints":{"allow":["GET"]}}],"collection":[{"href":"https:\/\/camillelemerrer.fr\/index.php?rest_route=\/wp\/v2\/pages"}],"about":[{"href":"https:\/\/camillelemerrer.fr\/index.php?rest_route=\/wp\/v2\/types\/page"}],"author":[{"embeddable":true,"href":"https:\/\/camillelemerrer.fr\/index.php?rest_route=\/wp\/v2\/users\/1"}],"replies":[{"embeddable":true,"href":"https:\/\/camillelemerrer.fr\/index.php?rest_route=%2Fwp%2Fv2%2Fcomments&post=124"}],"version-history":[{"count":14,"href":"https:\/\/camillelemerrer.fr\/index.php?rest_route=\/wp\/v2\/pages\/124\/revisions"}],"predecessor-version":[{"id":472,"href":"https:\/\/camillelemerrer.fr\/index.php?rest_route=\/wp\/v2\/pages\/124\/revisions\/472"}],"wp:attachment":[{"href":"https:\/\/camillelemerrer.fr\/index.php?rest_route=%2Fwp%2Fv2%2Fmedia&parent=124"}],"curies":[{"name":"wp","href":"https:\/\/api.w.org\/{rel}","templated":true}]}}